{"id":3305,"date":"2025-04-03T16:03:57","date_gmt":"2025-04-03T14:03:57","guid":{"rendered":"https:\/\/holicare-project.org\/ladoption-et-la-perennisation-des-tests-rapides-de-depistage-des-maladies-infectieuses-et-de-la-resistance-aux-antimicrobiens-sur-les-lieux-de-soins-necessitent-un-ensemble-complexe-de-mesures-de-mi\/"},"modified":"2025-05-06T12:30:02","modified_gmt":"2025-05-06T10:30:02","slug":"ladoption-et-la-perennisation-des-tests-rapides-de-depistage-des-maladies-infectieuses-et-de-la-resistance-aux-antimicrobiens-sur-les-lieux-de-soins-necessitent-un-ensemble-complexe-de-mesures-de-mi","status":"publish","type":"page","link":"https:\/\/holicare-project.org\/fr\/ladoption-et-la-perennisation-des-tests-rapides-de-depistage-des-maladies-infectieuses-et-de-la-resistance-aux-antimicrobiens-sur-les-lieux-de-soins-necessitent-un-ensemble-complexe-de-mesures-de-mi\/","title":{"rendered":"La r\u00e9ussite dans l&rsquo;adoption et la p\u00e9rennisation des tests rapides de d\u00e9pistage au point de soins (POC) pour les maladies infectieuses et de la r\u00e9sistance aux antimicrobiens n\u00e9cessite un ensemble complexe et modulable de mesures de mise en \u0153uvre."},"content":{"rendered":"<h1>La r\u00e9ussite dans l&rsquo;adoption et la p\u00e9rennisation des tests rapides de d\u00e9pistage au point de soins (POC) pour les maladies infectieuses et de la r\u00e9sistance aux antimicrobiens n\u00e9cessite un ensemble complexe et modulable de mesures de mise en \u0153uvre.<\/h1>\n<p><i>Journal europ\u00e9en de microbiologie clinique et des maladies infectieuses <\/i><i>(2019) 38:1015-1022<\/i><\/p>\n<ul>\n<li>\n\t\t\t\t\t\t\t\t\t\t\t<a href=\"https:\/\/holicare-project.org\/wp-content\/uploads\/2025\/04\/Implementation-of-POCT-do-dont.pdf\" target=\"_blank\"><br \/>\n  T\u00e9l\u00e9charger le PDF<br \/>\n\t\t\t\t\t\t\t\t\t\t\t<\/a>\n\t\t\t\t\t\t\t\t\t<\/li>\n<\/ul>\n<a href=\"https:\/\/holicare-project.org\/wp-content\/uploads\/2025\/04\/Implementation-of-POCT-do-dont.pdf\" class=\"pdfemb-viewer\" style=\"\" data-width=\"max\" data-height=\"max\" data-toolbar=\"bottom\" data-toolbar-fixed=\"off\">Implementation-of-POCT-do-dont<\/a>\n","protected":false},"excerpt":{"rendered":"<p>La r\u00e9ussite dans l&rsquo;adoption et la p\u00e9rennisation des tests rapides de d\u00e9pistage au point de soins (POC) pour les maladies infectieuses et de la r\u00e9sistance aux antimicrobiens n\u00e9cessite un ensemble complexe et modulable de mesures de mise en \u0153uvre. Journal europ\u00e9en de microbiologie clinique et des maladies infectieuses (2019) 38:1015-1022 T\u00e9l\u00e9charger le PDF<\/p>\n","protected":false},"author":1,"featured_media":0,"parent":0,"menu_order":0,"comment_status":"closed","ping_status":"closed","template":"","meta":{"footnotes":""},"class_list":["post-3305","page","type-page","status-publish","hentry"],"yoast_head":"<!-- This site is optimized with the Yoast SEO plugin v27.5 - https:\/\/yoast.com\/product\/yoast-seo-wordpress\/ -->\n<title>La r\u00e9ussite dans l&#039;adoption et la p\u00e9rennisation des tests rapides de d\u00e9pistage au point de soins (POC) pour les maladies infectieuses et de la r\u00e9sistance aux antimicrobiens n\u00e9cessite un ensemble complexe et modulable de mesures de mise en \u0153uvre. - Holicare<\/title>\n<meta name=\"robots\" content=\"index, follow, max-snippet:-1, max-image-preview:large, max-video-preview:-1\" \/>\n<link rel=\"canonical\" href=\"https:\/\/holicare-project.org\/fr\/ladoption-et-la-perennisation-des-tests-rapides-de-depistage-des-maladies-infectieuses-et-de-la-resistance-aux-antimicrobiens-sur-les-lieux-de-soins-necessitent-un-ensemble-complexe-de-mesures-de-mi\/\" \/>\n<meta property=\"og:locale\" content=\"fr_FR\" \/>\n<meta property=\"og:type\" content=\"article\" \/>\n<meta property=\"og:title\" content=\"La r\u00e9ussite dans l&#039;adoption et la p\u00e9rennisation des tests rapides de d\u00e9pistage au point de soins (POC) pour les maladies infectieuses et de la r\u00e9sistance aux antimicrobiens n\u00e9cessite un ensemble complexe et modulable de mesures de mise en \u0153uvre. - Holicare\" \/>\n<meta property=\"og:description\" content=\"La r\u00e9ussite dans l&rsquo;adoption et la p\u00e9rennisation des tests rapides de d\u00e9pistage au point de soins (POC) pour les maladies infectieuses et de la r\u00e9sistance aux antimicrobiens n\u00e9cessite un ensemble complexe et modulable de mesures de mise en \u0153uvre. Journal europ\u00e9en de microbiologie clinique et des maladies infectieuses (2019) 38:1015-1022 T\u00e9l\u00e9charger le PDF\" \/>\n<meta property=\"og:url\" content=\"https:\/\/holicare-project.org\/fr\/ladoption-et-la-perennisation-des-tests-rapides-de-depistage-des-maladies-infectieuses-et-de-la-resistance-aux-antimicrobiens-sur-les-lieux-de-soins-necessitent-un-ensemble-complexe-de-mesures-de-mi\/\" \/>\n<meta property=\"og:site_name\" content=\"Holicare\" \/>\n<meta property=\"article:modified_time\" content=\"2025-05-06T10:30:02+00:00\" \/>\n<meta name=\"twitter:card\" content=\"summary_large_image\" \/>\n<script type=\"application\/ld+json\" class=\"yoast-schema-graph\">{\"@context\":\"https:\\\/\\\/schema.org\",\"@graph\":[{\"@type\":\"WebPage\",\"@id\":\"https:\\\/\\\/holicare-project.org\\\/fr\\\/ladoption-et-la-perennisation-des-tests-rapides-de-depistage-des-maladies-infectieuses-et-de-la-resistance-aux-antimicrobiens-sur-les-lieux-de-soins-necessitent-un-ensemble-complexe-de-mesures-de-mi\\\/\",\"url\":\"https:\\\/\\\/holicare-project.org\\\/fr\\\/ladoption-et-la-perennisation-des-tests-rapides-de-depistage-des-maladies-infectieuses-et-de-la-resistance-aux-antimicrobiens-sur-les-lieux-de-soins-necessitent-un-ensemble-complexe-de-mesures-de-mi\\\/\",\"name\":\"La r\u00e9ussite dans l'adoption et la p\u00e9rennisation des tests rapides de d\u00e9pistage au point de soins (POC) pour les maladies infectieuses et de la r\u00e9sistance aux antimicrobiens n\u00e9cessite un ensemble complexe et modulable de mesures de mise en \u0153uvre. - Holicare\",\"isPartOf\":{\"@id\":\"https:\\\/\\\/holicare-project.org\\\/fr\\\/#website\"},\"datePublished\":\"2025-04-03T14:03:57+00:00\",\"dateModified\":\"2025-05-06T10:30:02+00:00\",\"breadcrumb\":{\"@id\":\"https:\\\/\\\/holicare-project.org\\\/fr\\\/ladoption-et-la-perennisation-des-tests-rapides-de-depistage-des-maladies-infectieuses-et-de-la-resistance-aux-antimicrobiens-sur-les-lieux-de-soins-necessitent-un-ensemble-complexe-de-mesures-de-mi\\\/#breadcrumb\"},\"inLanguage\":\"fr-FR\",\"potentialAction\":[{\"@type\":\"ReadAction\",\"target\":[\"https:\\\/\\\/holicare-project.org\\\/fr\\\/ladoption-et-la-perennisation-des-tests-rapides-de-depistage-des-maladies-infectieuses-et-de-la-resistance-aux-antimicrobiens-sur-les-lieux-de-soins-necessitent-un-ensemble-complexe-de-mesures-de-mi\\\/\"]}]},{\"@type\":\"BreadcrumbList\",\"@id\":\"https:\\\/\\\/holicare-project.org\\\/fr\\\/ladoption-et-la-perennisation-des-tests-rapides-de-depistage-des-maladies-infectieuses-et-de-la-resistance-aux-antimicrobiens-sur-les-lieux-de-soins-necessitent-un-ensemble-complexe-de-mesures-de-mi\\\/#breadcrumb\",\"itemListElement\":[{\"@type\":\"ListItem\",\"position\":1,\"name\":\"Accueil\",\"item\":\"https:\\\/\\\/holicare-project.org\\\/fr\\\/\"},{\"@type\":\"ListItem\",\"position\":2,\"name\":\"La r\u00e9ussite dans l&rsquo;adoption et la p\u00e9rennisation des tests rapides de d\u00e9pistage au point de soins (POC) pour les maladies infectieuses et de la r\u00e9sistance aux antimicrobiens n\u00e9cessite un ensemble complexe et modulable de mesures de mise en \u0153uvre.\"}]},{\"@type\":\"WebSite\",\"@id\":\"https:\\\/\\\/holicare-project.org\\\/fr\\\/#website\",\"url\":\"https:\\\/\\\/holicare-project.org\\\/fr\\\/\",\"name\":\"Holicare\",\"description\":\"Rapprocher le diagnostic\",\"publisher\":{\"@id\":\"https:\\\/\\\/holicare-project.org\\\/fr\\\/#organization\"},\"potentialAction\":[{\"@type\":\"SearchAction\",\"target\":{\"@type\":\"EntryPoint\",\"urlTemplate\":\"https:\\\/\\\/holicare-project.org\\\/fr\\\/?s={search_term_string}\"},\"query-input\":{\"@type\":\"PropertyValueSpecification\",\"valueRequired\":true,\"valueName\":\"search_term_string\"}}],\"inLanguage\":\"fr-FR\"},{\"@type\":\"Organization\",\"@id\":\"https:\\\/\\\/holicare-project.org\\\/fr\\\/#organization\",\"name\":\"Holicare\",\"url\":\"https:\\\/\\\/holicare-project.org\\\/fr\\\/\",\"logo\":{\"@type\":\"ImageObject\",\"inLanguage\":\"fr-FR\",\"@id\":\"https:\\\/\\\/holicare-project.org\\\/fr\\\/#\\\/schema\\\/logo\\\/image\\\/\",\"url\":\"https:\\\/\\\/holicare-project.org\\\/wp-content\\\/uploads\\\/2022\\\/11\\\/holicare-ws.png\",\"contentUrl\":\"https:\\\/\\\/holicare-project.org\\\/wp-content\\\/uploads\\\/2022\\\/11\\\/holicare-ws.png\",\"width\":829,\"height\":668,\"caption\":\"Holicare\"},\"image\":{\"@id\":\"https:\\\/\\\/holicare-project.org\\\/fr\\\/#\\\/schema\\\/logo\\\/image\\\/\"}}]}<\/script>\n<!-- \/ Yoast SEO plugin. -->","yoast_head_json":{"title":"La r\u00e9ussite dans l'adoption et la p\u00e9rennisation des tests rapides de d\u00e9pistage au point de soins (POC) pour les maladies infectieuses et de la r\u00e9sistance aux antimicrobiens n\u00e9cessite un ensemble complexe et modulable de mesures de mise en \u0153uvre. - Holicare","robots":{"index":"index","follow":"follow","max-snippet":"max-snippet:-1","max-image-preview":"max-image-preview:large","max-video-preview":"max-video-preview:-1"},"canonical":"https:\/\/holicare-project.org\/fr\/ladoption-et-la-perennisation-des-tests-rapides-de-depistage-des-maladies-infectieuses-et-de-la-resistance-aux-antimicrobiens-sur-les-lieux-de-soins-necessitent-un-ensemble-complexe-de-mesures-de-mi\/","og_locale":"fr_FR","og_type":"article","og_title":"La r\u00e9ussite dans l'adoption et la p\u00e9rennisation des tests rapides de d\u00e9pistage au point de soins (POC) pour les maladies infectieuses et de la r\u00e9sistance aux antimicrobiens n\u00e9cessite un ensemble complexe et modulable de mesures de mise en \u0153uvre. - Holicare","og_description":"La r\u00e9ussite dans l&rsquo;adoption et la p\u00e9rennisation des tests rapides de d\u00e9pistage au point de soins (POC) pour les maladies infectieuses et de la r\u00e9sistance aux antimicrobiens n\u00e9cessite un ensemble complexe et modulable de mesures de mise en \u0153uvre. Journal europ\u00e9en de microbiologie clinique et des maladies infectieuses (2019) 38:1015-1022 T\u00e9l\u00e9charger le PDF","og_url":"https:\/\/holicare-project.org\/fr\/ladoption-et-la-perennisation-des-tests-rapides-de-depistage-des-maladies-infectieuses-et-de-la-resistance-aux-antimicrobiens-sur-les-lieux-de-soins-necessitent-un-ensemble-complexe-de-mesures-de-mi\/","og_site_name":"Holicare","article_modified_time":"2025-05-06T10:30:02+00:00","twitter_card":"summary_large_image","schema":{"@context":"https:\/\/schema.org","@graph":[{"@type":"WebPage","@id":"https:\/\/holicare-project.org\/fr\/ladoption-et-la-perennisation-des-tests-rapides-de-depistage-des-maladies-infectieuses-et-de-la-resistance-aux-antimicrobiens-sur-les-lieux-de-soins-necessitent-un-ensemble-complexe-de-mesures-de-mi\/","url":"https:\/\/holicare-project.org\/fr\/ladoption-et-la-perennisation-des-tests-rapides-de-depistage-des-maladies-infectieuses-et-de-la-resistance-aux-antimicrobiens-sur-les-lieux-de-soins-necessitent-un-ensemble-complexe-de-mesures-de-mi\/","name":"La r\u00e9ussite dans l'adoption et la p\u00e9rennisation des tests rapides de d\u00e9pistage au point de soins (POC) pour les maladies infectieuses et de la r\u00e9sistance aux antimicrobiens n\u00e9cessite un ensemble complexe et modulable de mesures de mise en \u0153uvre. - Holicare","isPartOf":{"@id":"https:\/\/holicare-project.org\/fr\/#website"},"datePublished":"2025-04-03T14:03:57+00:00","dateModified":"2025-05-06T10:30:02+00:00","breadcrumb":{"@id":"https:\/\/holicare-project.org\/fr\/ladoption-et-la-perennisation-des-tests-rapides-de-depistage-des-maladies-infectieuses-et-de-la-resistance-aux-antimicrobiens-sur-les-lieux-de-soins-necessitent-un-ensemble-complexe-de-mesures-de-mi\/#breadcrumb"},"inLanguage":"fr-FR","potentialAction":[{"@type":"ReadAction","target":["https:\/\/holicare-project.org\/fr\/ladoption-et-la-perennisation-des-tests-rapides-de-depistage-des-maladies-infectieuses-et-de-la-resistance-aux-antimicrobiens-sur-les-lieux-de-soins-necessitent-un-ensemble-complexe-de-mesures-de-mi\/"]}]},{"@type":"BreadcrumbList","@id":"https:\/\/holicare-project.org\/fr\/ladoption-et-la-perennisation-des-tests-rapides-de-depistage-des-maladies-infectieuses-et-de-la-resistance-aux-antimicrobiens-sur-les-lieux-de-soins-necessitent-un-ensemble-complexe-de-mesures-de-mi\/#breadcrumb","itemListElement":[{"@type":"ListItem","position":1,"name":"Accueil","item":"https:\/\/holicare-project.org\/fr\/"},{"@type":"ListItem","position":2,"name":"La r\u00e9ussite dans l&rsquo;adoption et la p\u00e9rennisation des tests rapides de d\u00e9pistage au point de soins (POC) pour les maladies infectieuses et de la r\u00e9sistance aux antimicrobiens n\u00e9cessite un ensemble complexe et modulable de mesures de mise en \u0153uvre."}]},{"@type":"WebSite","@id":"https:\/\/holicare-project.org\/fr\/#website","url":"https:\/\/holicare-project.org\/fr\/","name":"Holicare","description":"Rapprocher le diagnostic","publisher":{"@id":"https:\/\/holicare-project.org\/fr\/#organization"},"potentialAction":[{"@type":"SearchAction","target":{"@type":"EntryPoint","urlTemplate":"https:\/\/holicare-project.org\/fr\/?s={search_term_string}"},"query-input":{"@type":"PropertyValueSpecification","valueRequired":true,"valueName":"search_term_string"}}],"inLanguage":"fr-FR"},{"@type":"Organization","@id":"https:\/\/holicare-project.org\/fr\/#organization","name":"Holicare","url":"https:\/\/holicare-project.org\/fr\/","logo":{"@type":"ImageObject","inLanguage":"fr-FR","@id":"https:\/\/holicare-project.org\/fr\/#\/schema\/logo\/image\/","url":"https:\/\/holicare-project.org\/wp-content\/uploads\/2022\/11\/holicare-ws.png","contentUrl":"https:\/\/holicare-project.org\/wp-content\/uploads\/2022\/11\/holicare-ws.png","width":829,"height":668,"caption":"Holicare"},"image":{"@id":"https:\/\/holicare-project.org\/fr\/#\/schema\/logo\/image\/"}}]}},"_links":{"self":[{"href":"https:\/\/holicare-project.org\/fr\/wp-json\/wp\/v2\/pages\/3305","targetHints":{"allow":["GET"]}}],"collection":[{"href":"https:\/\/holicare-project.org\/fr\/wp-json\/wp\/v2\/pages"}],"about":[{"href":"https:\/\/holicare-project.org\/fr\/wp-json\/wp\/v2\/types\/page"}],"author":[{"embeddable":true,"href":"https:\/\/holicare-project.org\/fr\/wp-json\/wp\/v2\/users\/1"}],"replies":[{"embeddable":true,"href":"https:\/\/holicare-project.org\/fr\/wp-json\/wp\/v2\/comments?post=3305"}],"version-history":[{"count":8,"href":"https:\/\/holicare-project.org\/fr\/wp-json\/wp\/v2\/pages\/3305\/revisions"}],"predecessor-version":[{"id":3788,"href":"https:\/\/holicare-project.org\/fr\/wp-json\/wp\/v2\/pages\/3305\/revisions\/3788"}],"wp:attachment":[{"href":"https:\/\/holicare-project.org\/fr\/wp-json\/wp\/v2\/media?parent=3305"}],"curies":[{"name":"wp","href":"https:\/\/api.w.org\/{rel}","templated":true}]}}